{"id":773,"date":"2026-05-02T00:41:45","date_gmt":"2026-05-01T22:41:45","guid":{"rendered":"https:\/\/www.lettereadioealluomo.com\/wordpress\/?page_id=773"},"modified":"2026-05-03T00:48:07","modified_gmt":"2026-05-02T22:48:07","slug":"primo-maggio","status":"publish","type":"page","link":"https:\/\/www.lettereadioealluomo.com\/wordpress\/primo-maggio\/","title":{"rendered":"BUONA FESTA DEL LAVORO E DEI LAVORATORI. IL DETTO : &#8220;BUON LAVORO&#8221;"},"content":{"rendered":"<div class=\"wp-block-image\">\n<figure class=\"aligncenter size-full\"><img decoding=\"async\" width=\"454\" height=\"645\" data-src=\"https:\/\/www.lettereadioealluomo.com\/wordpress\/wp-content\/uploads\/2026\/05\/PRIMO-MAGGIO_1.jpeg\" alt=\"\" class=\"wp-image-801 lazyload\" data-srcset=\"https:\/\/www.lettereadioealluomo.com\/wordpress\/wp-content\/uploads\/2026\/05\/PRIMO-MAGGIO_1.jpeg 454w, https:\/\/www.lettereadioealluomo.com\/wordpress\/wp-content\/uploads\/2026\/05\/PRIMO-MAGGIO_1-211x300.jpeg 211w, https:\/\/www.lettereadioealluomo.com\/wordpress\/wp-content\/uploads\/2026\/05\/PRIMO-MAGGIO_1-190x270.jpeg 190w\" data-sizes=\"(max-width: 454px) 100vw, 454px\" src=\"data:image\/svg+xml;base64,PHN2ZyB3aWR0aD0iMSIgaGVpZ2h0PSIxIiB4bWxucz0iaHR0cDovL3d3dy53My5vcmcvMjAwMC9zdmciPjwvc3ZnPg==\" style=\"--smush-placeholder-width: 454px; --smush-placeholder-aspect-ratio: 454\/645;\" \/><figcaption class=\"wp-element-caption\"><em>Fotocomposizione personale per il primo maggio 2010<\/em><\/figcaption><\/figure>\n<\/div>\n\n\n<pre class=\"wp-block-verse has-text-align-center has-luminous-vivid-orange-color has-text-color has-background has-link-color wp-elements-bb01f797037cd197b8ae24272f234053\" style=\"background-color:#edfffd\"><a href=\"https:\/\/www.lettereadioealluomo.com\/wordpress\/index-wordpress\/\" data-type=\"page\" data-id=\"374\">Home<\/a> |  <a href=\"https:\/\/www.lettereadioealluomo.com\/wordpress\/index-wordpress\/\" data-type=\"page\" data-id=\"374\">Index WordPress<\/a>  |  <a href=\"#Torna\">Gi\u00f9<\/a><\/pre>\n\n\n\n<pre class=\"wp-block-verse has-text-align-center has-text-color has-background has-link-color wp-elements-66b6a7823a9c87bc5db4052c79f3d0b3\" style=\"color:#1353d2;background-color:#edfffd\"><em><strong><a href=\"#LAVORATORI\">1. Buona Festa del Lvoro e dei Lavoratori<\/a><\/strong><\/em><br><strong><em><a href=\"#LAVORO\">2. Il Detto o Augurio \"Buon Lavoro\"<\/a><\/em><\/strong><br><\/pre>\n\n\n\n<pre class=\"wp-block-verse has-text-align-center has-text-color has-background has-link-color wp-elements-163ede7737a71db18701223f9c8d9d1e\" id=\"LAVORATORI\" style=\"color:#1353d2;background-color:#edfffd\"><strong><a href=\"#masthead\">BUONA FESTA DEL LAVORO E DEI LAVORATORI<\/a><\/strong><\/pre>\n\n\n\n<p>Ricorre oggi primo maggio 2026, la festa del lavoro e dei lavoratori, nonch\u00e9 di San Giuseppe lavoratore.<\/p>\n\n\n\n<p>&nbsp;<\/p>\n\n\n\n<p class=\"has-text-align-center\"><strong><em>1a. San Giuseppe<\/em><\/strong><\/p>\n\n\n\n<p>A san Giuseppe diciamo : &#8220;Bravo! Perch\u00e9 non solo lavoratore, ma anche santo. <\/p>\n\n\n\n<p>Padre Giuseppe, la tua santit\u00e0 crebbe tra le difficolt\u00e0 della vita, i capricci dei potenti, ma anche grazie al lavoro da falegname, che non solo esercitasti per vivere, ma lo insegnasti anche a Ges\u00f9.<\/p>\n\n\n\n<p>Sei forse, dopo il Messia,&nbsp; <span style=\"color: #ff0000;\">il pi\u00f9 grande santo tra tutti i lavoratori<\/span> , perch\u00e9 lavorasti bene al cospetto di Ges\u00f9 e di Maria; due santit\u00e0 cos\u00ec grandi che contagiavano o santificavano chiunque di buona volont\u00e0, le incrociasse; e tu di buona volont\u00e0 ne avesti e hai da vendere; e tu li avevi in casa e perfino ci vivevi.<\/p>\n\n\n\n<p>&nbsp;<\/p>\n\n\n\n<p class=\"has-text-align-center\"><strong><em>1b. Buona festa a tutti<\/em><\/strong><\/p>\n\n\n\n<p>Quanto alla festa del lavoro e dei lavoratori, diciamo che ogg\u00ec \u00e8 festa di entrambi, sia del lavoro o produzione, sia dei lavoratori o persone.<\/p>\n\n\n\n<p>\u00c8 festa di entrambi; ma la prima \u00e8 descritta perfino dalla Costituzione della Neo-Repubblica democratica italiana, che si dichiara all&#8217;articolo primo,&nbsp; essere &#8220;fondata sul lavoro&#8221;.<\/p>\n\n\n\n<p>Diciamo dunque buona festa del lavoro e dei lavoratori, a tutti gli amici e conoscenti e perfino alla Republica e a tutti i nemici e i misconosciuti eventuali.<\/p>\n\n\n\n<p>&nbsp;<\/p>\n\n\n\n<p><em><strong>1c. Preferisci il contenuto universale della festa, a scapito di quello ideologico<\/strong><\/em><\/p>\n\n\n\n<p>Ma Attenzione! Attenzione! L&#8217;augurio&nbsp; &#8220;Buona festa dei lavoratori e del lavoro&#8221;, va inteso come un auspicio UNIVERSALE , non settario o ideologico, ma universale; infatti \u00e8 il mondo intero che ne ha bisogno.<\/p>\n\n\n\n<p>Ne hanno bisogno i lavoratori di ogni settore e di ogni Paese; manuali e intellettuali, capitalisti e comunisti; giovani e vecchi; italiani e stranieri; ricchi e poveri; dirigenti e operai&#8230;<\/p>\n\n\n\n<p>Dunque dire &#8220;Buona festa del lavoro e dei lavoratori, SIGNIFICA PARLARE A TUTTI, e non solo alle ideologie; non solo ai partiti politici, come erroneamente fanno alcuni. Significa essere universali e non settari. Chi vuole essere settario e ideologico, lo pu\u00f2 fare; ma non \u00e8 nella giusta strada. Col tempo rimarr\u00e0 la visione universale della festa, e verr\u00e0 meno quella ideologica.<\/p>\n\n\n\n<p>&nbsp;<\/p>\n\n\n\n<p class=\"has-text-align-center has-text-color has-link-color wp-elements-dbaf693d88f19cf7888097b6391494ee\" id=\"LAVORO\" style=\"color:#5357eb\"><span style=\"color: #3366ff;\"><strong><a href=\"#masthead\">2. IL DETTO &#8220;BUON LAVORO<\/a>&#8220;<\/strong><\/span><\/p>\n\n\n\n<p>&nbsp;<\/p>\n\n\n\n<p><em><strong>2a. In passato non si diceva &#8220;Buon Lavoro&#8221;<\/strong><\/em><\/p>\n\n\n\n<p>Fare l&#8217;Augurio di buona festa del lavoro e dei lavoratori, non implica solo festeggiare; ma anche dire<br>inplicitamente, a tutti quanti:<\/p>\n\n\n\n<p>Buon Lavoro!<\/p>\n\n\n\n<p>Oggi possiamo dire al mondo intero: Buon Lavoro! Ma in passato, non poteva dirsi; nessuno avrebbe capito.<\/p>\n\n\n\n<p>Nessun greco o romano, nessun <br>cittadino del medioevo o del rinascimento; nessuno in pieno barocco o rococ\u00f2 o illuminista&#8230;, avrebbe capito.<\/p>\n\n\n\n<p>Infatti a quei tempi, i nobili amministravano l&#8217;economia e la politica, e rifiutavano i numerosi lavori delegati agli schiavi e alla servit\u00f9. Questo mondo diviso tra nobili e schiavi e poi nobili e servi, non era in grado di augurarsi Buon Lavoro reciprocamente; perch\u00e9 non c&#8217;era una valorizzazione universale del medesimo lavoro, condivisibile e condivisa da tutti.<\/p>\n\n\n\n<p>&nbsp;<\/p>\n\n\n\n<p><em><strong>2b. La Rivoluzione Industriale diffonde il detto &#8220;Buon Lavoro&#8221;<\/strong><\/em><\/p>\n\n\n\n<p>Dunque, ripigliando il discorso, in passato, nessuno avrebbe detto&nbsp; &#8216;Buon Lavoro&#8221;, come facciamo noi oggi.<\/p>\n\n\n\n<p>Come mai? Risposta: perch\u00e9 a diffondere socialmente le premesse per dire &#8220;Buon Lavoro&#8221; , \u00e8 la rivoluzione industriale capitalista; in questo frangente, il tempo accuratamente misurato dagli orologi meccanici inventati nei monasteri, diventa danaro; conta produrre e guadagnare il pi\u00f9 possibile, il meglio possibile. C&#8217;\u00e8 bisogno di ottimismo e allegria, per raggiungere l&#8217;obbiettivo di produrre e guadagnare. Perci\u00f2 si giunge a dire: &#8220;Buon Lavoro&#8221;! Oggi questo detto, si dice volentieri. Si accetta volentieri.<\/p>\n\n\n\n<p>La borghesia della industrializzazione, sguinzagliatasi per far danaro, supera l&#8217;antico statuto della nobilt\u00e0.<\/p>\n\n\n\n<p>Ieri, prima della rivoluzione industriale, si era nobili, cio\u00e8 si valeva o contava pi\u00f9 degli altri, per origine nobiliare secolare; insomma, si possedeva pi\u00f9 beni, danaro e diritti, a causa della origine nobile pi\u00f9 o meno antica; oggi, dopo la rivoluzione industriale, si vale e si conta di pi\u00f9, non perch\u00e9 nobili, ma perch\u00e9 si \u00e8 prodotto e guadagnato di pi\u00f9 nel presente o recente passato.<\/p>\n\n\n\n<p>Per questo si dice &#8220;Buon Lavoro&#8221;! Perch\u00e9 cos\u00ec facendo, si augura di riuscire a contare o valere di pi\u00f9, guadagnando e producendo ancora di pi\u00f9 e meglio di quanto si sia fatto fino a prima dell&#8217;augurio.<\/p>\n\n\n\n<p>&nbsp;<\/p>\n\n\n\n<p><em><strong>2c. Il Cristianesimo matura nei secoli, le premesse che oggi, rendono possibile dire &#8220;Buon Lavoro&#8221;<\/strong><\/em><\/p>\n\n\n\n<p>Allora tutto il merito del detto &#8220;Buon Lavoro&#8221;, \u00e8 da ascrivere alla rivoluzione industriale capitalistica?<\/p>\n\n\n\n<p>Risposta. Non tutto il merito. Ma la diffusione sociale del detto.<\/p>\n\n\n\n<p>E invece chi ha il merito sostanziale che fa maturare storicamente pian piano, le premesse fondamentali, onde possa dirsi oggi : Buon Lavoro?<\/p>\n\n\n\n<p>Risposta. \u00c8 il cristianesimo il fattore fondamentale che permette di dire ai nostri giorni &#8220;Buon Lavoro&#8221;.<\/p>\n\n\n\n<p>Infatti Dio si fa uomo assumendo la natura umana; e lavora con le sue mani, da falegname; l&#8217;Antico testamento dice: &#8220;Non disprezzare il lavoro delle proprie mani&#8221;. La dottrina di Ges\u00f9 insegna che tutti gli uomini sono fratelli; la schiavit\u00f9 viene abolita per la prima volta, nella storia. Il monachesimo suggerir\u00e0 di lavorare a tutti i cristiani e al mondo intero, dicendo: &#8220;Ora et labora&#8221;, volendo con ci\u00f2 attuare anche il comandamento biblico di dominare rispettando il creato. E san Paolo precisa: &#8220;chi non lavora, neppure mangi&#8221;.<\/p>\n\n\n\n<p>Dunque cristianamente, si lavora per la propria sussistenza, per dominare la natura mettendoci ordine e fare&nbsp; la produzione necessaria ai bisogni umani; si lavora per ossequiare la fratellanza, seguendo l&#8217;esempio di Ges\u00f9 che lavor\u00f2 con le sue mani.<\/p>\n\n\n\n<p>&nbsp;<\/p>\n\n\n\n<p><em><strong>2d. Per il Cristianesimo la persona vale pi\u00f9 del lavoro o produzione; per il capitalismo e il comunismo, la persona o lavoratore, sono subordinati alla attivit\u00e0 di produzione o Lavoro. Valgono meno del lavoro.<\/strong><\/em><em><strong> Per\u00f2 <span style=\"color: #ff0000;\">\u00e8 il primato della persona sul lavoro, che permette di dire &#8220;Buon Lavoro&#8221;<\/span>!<\/strong><\/em><\/p>\n\n\n\n<p>In conclusione, il cristianesimo dice che il lavoro deve servire alla sussistenza e alla espressione della persona; perch\u00e9 l&#8217;essere umano, vale pi\u00f9 della attivit\u00e0 e della produzione, cio\u00e8 vale pi\u00f9 del lavoro stesso. In questo primato della persona sulla produzione o lavoro, \u00e8 sottinteso anche il concetto moderno di realizzazione mediante il lavoro. Si lavora per esprimere le proprie capacit\u00e0 e preferenze.<\/p>\n\n\n\n<p>Ecco <span style=\"color: #ff0000;\"><strong>perch\u00e9 \u00e8 possibile oggi dire &#8220;Buon Lavoro<\/strong><\/span>&#8221; con tranquillit\u00e0 e ottimismo. Perch\u00e9 il fondamento cristiano della cultura, che nei secoli ha costruito le premesse fondamentali per dire oggi &#8220;Buon Lavoro&#8221;, non prende alla lettera il dettato capitalistico odierno e super-stressante, secondo il quale, Buon Lavoro significa &#8220;vivi per guadagnare e produrrre&#8221;. Se ti capita di accumulare danaro e beni, usali per produrre ancora di pi\u00f9 e diventare sempre pi\u00f9 ricco e potente. Con questa premessa, non ci si accontenta mai; non si \u00e8 mai soddisfatti, ma sempre ansiosi di produrre e consumare.<\/p>\n\n\n\n<p>Al contrario per il cristiano, &#8220;Buon Lavoro&#8221; significa: &#8220;produci e guadagna per sussistere e&nbsp; vivere&#8221;; se ti capita di accumulare danaro e beni in pi\u00f9 rispetto a quanto \u00e8 necessario, impiegali per il bene comune. Un detto evangelico precisa: &#8220;A chi pi\u00f9 \u00e8 stato dato, pi\u00f9 verr\u00e0 chiesto&#8221;. Insomma se chi pi\u00f9 ha, non pensa al bene comune, e a chi non ha nemmeno il necessario, un giorno dovr\u00e0 giustificarsi davanti a Dio.<\/p>\n\n\n\n<p>Questa visione cristiana, che indica con forza il primato della persona sulla attivit\u00e0 di produzione o lavoro (senza togliere la giusta considerazione del lavoro), ha dunque un solido e soddisfacente punto di arrivo, cio\u00e8 i<span style=\"color: #ff0000;\">l necessario per vivere e il superfluo per il bene comune e i poveri<\/span>. Col cristianesimo, sparisce pertanto, l&#8217;anzia di produrre per produrre; tutti si godono i risultati delle attivit\u00e0 economiche, e nessuno deve essere insoddisfatto cronicamente. Per questo oggi \u00e8 diventato possibile e piacevole, dire &#8220;Buon Lavoro&#8221;.<\/p>\n\n\n\n<p>&nbsp;<\/p>\n\n\n\n<pre class=\"wp-block-verse has-text-align-center has-background\" style=\"background-color:#edfffd\">FINE<\/pre>\n\n\n\n<div class=\"wp-block-group\"><div class=\"wp-block-group__inner-container is-layout-constrained wp-block-group-is-layout-constrained\">\n<p class=\"has-text-align-center has-luminous-vivid-orange-color has-text-color has-background has-link-color wp-elements-51e05788faa6a4ed25faf358af2d740c\" id=\"Torna\" style=\"background-color:#edfffd\"><a href=\"http:\/\/www.lettereadioealluomo.com\/Index.htm\">Home<\/a>  |  <a href=\"https:\/\/www.lettereadioealluomo.com\/wordpress\/index-wordpress\/\" data-type=\"page\" data-id=\"374\">Index WordPress<\/a>  |  <a href=\"#masthead\">Torna su<\/a><\/p>\n<\/div><\/div>\n\n\n\n<p><\/p>\n\n\n\n<p><\/p>\n","protected":false},"excerpt":{"rendered":"<p>Home | Index WordPress | Gi\u00f9 1. Buona Festa del Lvoro e dei Lavoratori2. Il Detto o Augurio &#8220;Buon Lavoro&#8221; BUONA FESTA DEL LAVORO E DEI LAVORATORI Ricorre oggi primo maggio 2026, la festa del lavoro e dei lavoratori, nonch\u00e9 di San Giuseppe lavoratore. &nbsp; 1a. San Giuseppe A san Giuseppe diciamo : &#8220;Bravo! Perch\u00e9 non solo lavoratore, ma anche santo. Padre Giuseppe, la tua santit\u00e0 crebbe tra le difficolt\u00e0 della vita, i capricci dei potenti, ma anche grazie al&#8230;<\/p>\n<p class=\"read-more\"><a class=\"btn btn-default\" href=\"https:\/\/www.lettereadioealluomo.com\/wordpress\/primo-maggio\/\">Leggi tutto<span class=\"screen-reader-text\"> Leggi tutto<\/span><\/a><\/p>\n","protected":false},"author":1,"featured_media":0,"parent":0,"menu_order":0,"comment_status":"closed","ping_status":"closed","template":"","meta":{"footnotes":""},"class_list":["post-773","page","type-page","status-publish","hentry"],"_links":{"self":[{"href":"https:\/\/www.lettereadioealluomo.com\/wordpress\/wp-json\/wp\/v2\/pages\/773","targetHints":{"allow":["GET"]}}],"collection":[{"href":"https:\/\/www.lettereadioealluomo.com\/wordpress\/wp-json\/wp\/v2\/pages"}],"about":[{"href":"https:\/\/www.lettereadioealluomo.com\/wordpress\/wp-json\/wp\/v2\/types\/page"}],"author":[{"embeddable":true,"href":"https:\/\/www.lettereadioealluomo.com\/wordpress\/wp-json\/wp\/v2\/users\/1"}],"replies":[{"embeddable":true,"href":"https:\/\/www.lettereadioealluomo.com\/wordpress\/wp-json\/wp\/v2\/comments?post=773"}],"version-history":[{"count":54,"href":"https:\/\/www.lettereadioealluomo.com\/wordpress\/wp-json\/wp\/v2\/pages\/773\/revisions"}],"predecessor-version":[{"id":861,"href":"https:\/\/www.lettereadioealluomo.com\/wordpress\/wp-json\/wp\/v2\/pages\/773\/revisions\/861"}],"wp:attachment":[{"href":"https:\/\/www.lettereadioealluomo.com\/wordpress\/wp-json\/wp\/v2\/media?parent=773"}],"curies":[{"name":"wp","href":"https:\/\/api.w.org\/{rel}","templated":true}]}}