{"id":717,"date":"2026-04-29T18:22:17","date_gmt":"2026-04-29T16:22:17","guid":{"rendered":"https:\/\/www.lettereadioealluomo.com\/wordpress\/?page_id=717"},"modified":"2026-04-29T20:28:15","modified_gmt":"2026-04-29T18:28:15","slug":"federico-barbini","status":"publish","type":"page","link":"https:\/\/www.lettereadioealluomo.com\/wordpress\/federico-barbini\/","title":{"rendered":"FEDERICO BARBINI"},"content":{"rendered":"\n<figure class=\"wp-block-image size-full\"><img decoding=\"async\" width=\"439\" height=\"327\" data-src=\"https:\/\/www.lettereadioealluomo.com\/wordpress\/wp-content\/uploads\/2026\/04\/1000014299.jpg\" alt=\"\" class=\"wp-image-721 lazyload\" data-srcset=\"https:\/\/www.lettereadioealluomo.com\/wordpress\/wp-content\/uploads\/2026\/04\/1000014299.jpg 439w, https:\/\/www.lettereadioealluomo.com\/wordpress\/wp-content\/uploads\/2026\/04\/1000014299-300x223.jpg 300w, https:\/\/www.lettereadioealluomo.com\/wordpress\/wp-content\/uploads\/2026\/04\/1000014299-362x270.jpg 362w\" data-sizes=\"(max-width: 439px) 100vw, 439px\" src=\"data:image\/svg+xml;base64,PHN2ZyB3aWR0aD0iMSIgaGVpZ2h0PSIxIiB4bWxucz0iaHR0cDovL3d3dy53My5vcmcvMjAwMC9zdmciPjwvc3ZnPg==\" style=\"--smush-placeholder-width: 439px; --smush-placeholder-aspect-ratio: 439\/327;\" \/><\/figure>\n\n\n\n<pre class=\"wp-block-verse has-text-align-center has-text-color has-background has-link-color wp-elements-fbe69b2312f8362d8910d6c8b27e16b3\" style=\"color:#ee0d0d;background-color:#edfffd\"><a href=\"http:\/\/www.lettereadioealluomo.com\/wordpress\/index-wordpress\">Index WordPress<\/a>  |  <a href=\"http:\/\/www.lettereadioealluomo.com\/Index.htm\">Home<\/a>  |  <a href=\"#Torna\">Gi\u00f9<\/a><\/pre>\n\n\n\n<pre class=\"wp-block-verse has-text-align-center has-text-color has-background has-link-color wp-elements-ac0a08fc9a296f68a8f6dcc940854887\" id=\"FINE\" style=\"color:#1032f3;background-color:#edfffd\"><a href=\"https:\/\/www.lettereadioealluomo.com\/Lettere_commemorative.htm\"><em>Lettere Commemorative<\/em><\/a><\/pre>\n\n\n<p>Vengo a sapere, solo qualche giorno fa, che Il nostro amico e compagno di lavoro, <span style=\"color: #ff0000;\"><strong>Federico Barbini<\/strong><\/span>, ha lasciato questa vita terrena, il 15 Aprile 2025.<\/p>\n<p>Aveva interrotto il lavoro presso La Vialla, alcuni anni orsono, a causa di una malattia alla gola.<\/p>\n<p>Questo tipo di malattie, uscite dal controllo medico e dei mezzi umani, in alcune circostanze, ancora oggi, uccidono.<\/p>\n<p>Non si pu\u00f2 dire pertanto, che non abbia sofferto. Ma si pu\u00f2 dire che ha sofferto con grande dignit\u00e0 e forza d\u2019animo; una spia questa, e un messaggio certo, del suo valore e dei suoi meriti, quale essere umano.<\/p>\n<p>Era un uomo profondamente onesto. Sempre preoccupato di fare al meglio il suo dovere, senza danneggiare nessuno. Egli era tanto coerente quanto discreto, nel lavorare e nel fare del bene a chiunque, se poteva.<\/p>\n<p>Lascia due fratelli e la moglie, signora Flavia Stratini; ai quali, compresi i compagni di lavoro e i dirigenti aziendali, vanno le condoglianze di rito, anche se posticipate.<\/p>\n<p>In particolare alla signora Flavia, va la ammirazione pubblica, per aver fatto eroicamente il suo dovere fino in fondo; al punto da tenere il marito sempre in casa, anche quando n\u00e9 poteva pi\u00f9 parlare n\u00e9 poteva pi\u00f9 mangiare; mentre il dolore aumentava e il pericolo di gestione domestica insufficiente della malattia, era del pari, ogni giorno maggiore, prospettandosi la soluzione inauspicabile, dei reparti terminali ospedalieri.<\/p>\n<p>Domenica 8 marzo 2026, presso la Chiesa di Venere, alle ore 9 , sar\u00e0 detta una messa di suffragio, dal sacerdote don Roberto della Chiesa parrocchiale di Quarata.<\/p>\n<p>Chiunque legge questa lettera, \u00e8 invitato a partecipare, se pu\u00f2.<\/p>\n<p>Nel ricordo vivo di fronte alla vita ammirabile dell\u2019amico, come nella speranza forte di fronte alla morte cristiana del medesimo, auspico la fine della prova e la speranza potente<\/p>\n\n\n<pre class=\"wp-block-verse has-text-align-center has-black-color has-text-color has-background has-link-color wp-elements-0bd187ae2c4722b97b0a02b217fc1e21\" id=\"FINE\" style=\"background-color:#edfffd\">FINE<\/pre>\n\n\n\n<pre class=\"wp-block-verse has-text-align-center has-vivid-red-color has-text-color has-background has-link-color wp-elements-5bc5a0533acfa119e7e144f52739c6fc\" id=\"Torna\" style=\"background-color:#edfffd\"><br><a href=\"http:\/\/www.lettereadioealluomo.com\/wordpress\/index-wordpress\">Index WordPress<\/a>  |  <a href=\"http:\/\/www.lettereadioealluomo.com\/Index.htm\">Home<\/a>  | <a href=\"#masthead\">Torna su<\/a><\/pre>\n\n\n\n<p><\/p>\n","protected":false},"excerpt":{"rendered":"<p>Index WordPress | Home | Gi\u00f9 Lettere Commemorative Vengo a sapere, solo qualche giorno fa, che Il nostro amico e compagno di lavoro, Federico Barbini, ha lasciato questa vita terrena, il 15 Aprile 2025. Aveva interrotto il lavoro presso La Vialla, alcuni anni orsono, a causa di una malattia alla gola. Questo tipo di malattie, uscite dal controllo medico e dei mezzi umani, in alcune circostanze, ancora oggi, uccidono. Non si pu\u00f2 dire pertanto, che non abbia sofferto. Ma si&#8230;<\/p>\n<p class=\"read-more\"><a class=\"btn btn-default\" href=\"https:\/\/www.lettereadioealluomo.com\/wordpress\/federico-barbini\/\">Leggi tutto<span class=\"screen-reader-text\"> Leggi tutto<\/span><\/a><\/p>\n","protected":false},"author":1,"featured_media":0,"parent":0,"menu_order":0,"comment_status":"closed","ping_status":"closed","template":"","meta":{"footnotes":""},"class_list":["post-717","page","type-page","status-publish","hentry"],"_links":{"self":[{"href":"https:\/\/www.lettereadioealluomo.com\/wordpress\/wp-json\/wp\/v2\/pages\/717","targetHints":{"allow":["GET"]}}],"collection":[{"href":"https:\/\/www.lettereadioealluomo.com\/wordpress\/wp-json\/wp\/v2\/pages"}],"about":[{"href":"https:\/\/www.lettereadioealluomo.com\/wordpress\/wp-json\/wp\/v2\/types\/page"}],"author":[{"embeddable":true,"href":"https:\/\/www.lettereadioealluomo.com\/wordpress\/wp-json\/wp\/v2\/users\/1"}],"replies":[{"embeddable":true,"href":"https:\/\/www.lettereadioealluomo.com\/wordpress\/wp-json\/wp\/v2\/comments?post=717"}],"version-history":[{"count":17,"href":"https:\/\/www.lettereadioealluomo.com\/wordpress\/wp-json\/wp\/v2\/pages\/717\/revisions"}],"predecessor-version":[{"id":747,"href":"https:\/\/www.lettereadioealluomo.com\/wordpress\/wp-json\/wp\/v2\/pages\/717\/revisions\/747"}],"wp:attachment":[{"href":"https:\/\/www.lettereadioealluomo.com\/wordpress\/wp-json\/wp\/v2\/media?parent=717"}],"curies":[{"name":"wp","href":"https:\/\/api.w.org\/{rel}","templated":true}]}}