{"id":693,"date":"2026-04-27T18:23:41","date_gmt":"2026-04-27T16:23:41","guid":{"rendered":"https:\/\/www.lettereadioealluomo.com\/wordpress\/?page_id=693"},"modified":"2026-04-27T21:08:19","modified_gmt":"2026-04-27T19:08:19","slug":"souvenir-stefano","status":"publish","type":"page","link":"https:\/\/www.lettereadioealluomo.com\/wordpress\/souvenir-stefano\/","title":{"rendered":"SOUVENIR DALLA OLIVETA DI SANTO STEFANO"},"content":{"rendered":"\n<pre class=\"wp-block-verse has-text-align-center has-luminous-vivid-orange-color has-text-color has-background has-link-color wp-elements-b3dd28a8398d91994fb25fd71604d5a5\" style=\"background-color:#edfffd\"><a href=\"http:\/\/www.lettereadioealluomo.com\/Index.htm\">Home<\/a> | <a href=\"https:\/\/www.lettereadioealluomo.com\/wordpress\/index-wordpress\/\" data-type=\"page\" data-id=\"374\">Index WordPress<\/a> | <a href=\"#Torna\">Vai gi\u00f9<\/a> |<\/pre>\n\n\n\n<figure class=\"wp-block-image size-large\"><img decoding=\"async\" width=\"768\" height=\"1024\" data-src=\"https:\/\/www.lettereadioealluomo.com\/wordpress\/wp-content\/uploads\/2026\/04\/1000014185-768x1024.jpg\" alt=\"\" class=\"wp-image-697 lazyload\" data-srcset=\"https:\/\/www.lettereadioealluomo.com\/wordpress\/wp-content\/uploads\/2026\/04\/1000014185-768x1024.jpg 768w, https:\/\/www.lettereadioealluomo.com\/wordpress\/wp-content\/uploads\/2026\/04\/1000014185-225x300.jpg 225w, https:\/\/www.lettereadioealluomo.com\/wordpress\/wp-content\/uploads\/2026\/04\/1000014185-1152x1536.jpg 1152w, https:\/\/www.lettereadioealluomo.com\/wordpress\/wp-content\/uploads\/2026\/04\/1000014185-1536x2048.jpg 1536w, https:\/\/www.lettereadioealluomo.com\/wordpress\/wp-content\/uploads\/2026\/04\/1000014185-203x270.jpg 203w, https:\/\/www.lettereadioealluomo.com\/wordpress\/wp-content\/uploads\/2026\/04\/1000014185-scaled.jpg 1920w\" data-sizes=\"(max-width: 768px) 100vw, 768px\" src=\"data:image\/svg+xml;base64,PHN2ZyB3aWR0aD0iMSIgaGVpZ2h0PSIxIiB4bWxucz0iaHR0cDovL3d3dy53My5vcmcvMjAwMC9zdmciPjwvc3ZnPg==\" style=\"--smush-placeholder-width: 768px; --smush-placeholder-aspect-ratio: 768\/1024;\" \/><\/figure>\n\n\n\n<pre class=\"wp-block-verse has-text-align-center has-black-color has-text-color has-background has-link-color has-medium-font-size wp-elements-bff70959024bc34e11781234ba81451c\" style=\"background-color:#effffd\">Il cielo azzurro<br>dell\u2019Aprile castigliano<br>\u00e8 il pi\u00f9 grande saluto<br>della bellezza<br>sul verde dell\u2019oliveta<br>di Santo Stefano,<br>a sua volta<br>circondata dal bosco<br>mediterraneo<br>della Valle di Chio,<br>che sale fino al Passo della Foce,<br>e poi scende in Valtiberina<br>verso la Citt\u00e0 di Castello.<br><br>Procede la nobile potatura<br>degli olivi; al ritmo della fatica<br>e della perizia; rinnovare, <br>dare luce e aria ,<br>dire tagliando all\u2019olivo,<br>che deve produrre <br>di pi\u00f9 e meglio;<br>consapevoli che la pianta,<br>colpita dal potatore<br>nella sua natura migliore,<br>risponder\u00e0 benignamente,<br>come ogni anno.<br><br>Silenzio e ritmo del lavoro.<br>Ma non sono solo.<br><br>Un Ramarro reale da pi\u00f9 <br>di dieci minuti mi sta osservando <br>(crf Foto sopra).<br>Vince la diffidenza e invece di fuggire<br>si arrampica sulla branca di sinistra,<br>mentre io lavoro sulla destra.<br>Poi si \u00e8 sistemato quasi in cima<br>e decisamente, gli sembro interessante;<br>la sua curiosit\u00e0 supera<br>la naturale diffidenza<br>della casata dei ramarri.<br>Forse cerca cibo ?<br>O vuole rendersi conto di<br>cosa faccio alla pianta di casa sua?<br>\u00c8 soltanto curioso non mi \u00e8 ostile.<br>Segue una legge del suo istinto.<br>Vuole rendersi conto con chi ha<br>a che fare. Decide di rischiare.<br><br>\u00c8 il suo modo per dire:<br><br>\u201cBuongiorno! Sono un Ramarro reale.<br>E tu chi sei? Sei mio amico o mi sei avverso?<br>Io cerco la libert\u00e0 di vivere. E non escludo<br>del tutto, l\u2019amicizia con gli uomini. La mia vita \u00e8 nella libert\u00e0 dei campi e dei boschi; ma questa libert\u00e0 non implica a priori, che io ti guardi da vicino\u201d .<br><br>Frattanto tutto l\u2019olivo \u00e8 potato. Rimane la branca sede del ramarro. Alla fine capisce che i tagli si avvicinano; meglio andarsene.<br>L\u2019ultimo taglio conferma il pensiero di scappare. E via. Gi\u00f9 a capofitto dall\u2019olivo.<br>E poi a rottadicollo scompare nel bosco<br>a qualche metro da me.. La visita di cortesia per oggi, si conclude nella fuga.<br><br>Che cosa insegna questo episodio?<br><br>Risposta. <br><br>Ci insegna che la natura animale<br>\u00e8 capace di fare proposte di amicizia.<br>Ma bisogna saperle capire. E poi bisogna saper rispondere nel linguaggio adeguato; cio\u00e8 comprensibile agli animali e agli uomini. Tutto ci\u00f2, analogamente al protettore dell\u2019Italia e degli Italiani, primo ecologista della storia, il Santo Francesco d\u2019Assisi.<br><\/pre>\n\n\n\n<pre class=\"wp-block-verse has-text-align-center has-background\" style=\"background-color:#edfffd\">FINE<\/pre>\n\n\n\n<pre class=\"wp-block-verse has-text-align-center has-luminous-vivid-orange-color has-text-color has-background has-link-color wp-elements-82787dbf2c90ea88a6e72836a94bd448\" id=\"Torna\" style=\"background-color:#edfffd\"><a href=\"http:\/\/www.lettereadioealluomo.com\/Index.htm\">Home<\/a> | <a href=\"https:\/\/www.lettereadioealluomo.com\/wordpress\/index-wordpress\/\" data-type=\"page\" data-id=\"374\">Index WordPress<\/a> | <a href=\"#masthead\">Torna su<\/a><\/pre>\n\n\n\n<p><\/p>\n\n\n\n<p><\/p>\n","protected":false},"excerpt":{"rendered":"<p>Home | Index WordPress | Vai gi\u00f9 | Il cielo azzurrodell\u2019Aprile castigliano\u00e8 il pi\u00f9 grande salutodella bellezzasul verde dell\u2019olivetadi Santo Stefano,a sua voltacircondata dal boscomediterraneodella Valle di Chio,che sale fino al Passo della Foce,e poi scende in Valtiberinaverso la Citt\u00e0 di Castello.Procede la nobile potaturadegli olivi; al ritmo della faticae della perizia; rinnovare, dare luce e aria ,dire tagliando all\u2019olivo,che deve produrre di pi\u00f9 e meglio;consapevoli che la pianta,colpita dal potatorenella sua natura migliore,risponder\u00e0 benignamente,come ogni anno.Silenzio e ritmo del&#8230;<\/p>\n<p class=\"read-more\"><a class=\"btn btn-default\" href=\"https:\/\/www.lettereadioealluomo.com\/wordpress\/souvenir-stefano\/\">Leggi tutto<span class=\"screen-reader-text\"> Leggi tutto<\/span><\/a><\/p>\n","protected":false},"author":1,"featured_media":0,"parent":0,"menu_order":0,"comment_status":"closed","ping_status":"closed","template":"","meta":{"footnotes":""},"class_list":["post-693","page","type-page","status-publish","hentry"],"_links":{"self":[{"href":"https:\/\/www.lettereadioealluomo.com\/wordpress\/wp-json\/wp\/v2\/pages\/693","targetHints":{"allow":["GET"]}}],"collection":[{"href":"https:\/\/www.lettereadioealluomo.com\/wordpress\/wp-json\/wp\/v2\/pages"}],"about":[{"href":"https:\/\/www.lettereadioealluomo.com\/wordpress\/wp-json\/wp\/v2\/types\/page"}],"author":[{"embeddable":true,"href":"https:\/\/www.lettereadioealluomo.com\/wordpress\/wp-json\/wp\/v2\/users\/1"}],"replies":[{"embeddable":true,"href":"https:\/\/www.lettereadioealluomo.com\/wordpress\/wp-json\/wp\/v2\/comments?post=693"}],"version-history":[{"count":13,"href":"https:\/\/www.lettereadioealluomo.com\/wordpress\/wp-json\/wp\/v2\/pages\/693\/revisions"}],"predecessor-version":[{"id":763,"href":"https:\/\/www.lettereadioealluomo.com\/wordpress\/wp-json\/wp\/v2\/pages\/693\/revisions\/763"}],"wp:attachment":[{"href":"https:\/\/www.lettereadioealluomo.com\/wordpress\/wp-json\/wp\/v2\/media?parent=693"}],"curies":[{"name":"wp","href":"https:\/\/api.w.org\/{rel}","templated":true}]}}