{"id":22,"date":"2026-03-23T07:35:26","date_gmt":"2026-03-23T06:35:26","guid":{"rendered":"https:\/\/www.lettereadioealluomo.com\/wordpress\/?page_id=22"},"modified":"2026-04-11T11:59:52","modified_gmt":"2026-04-11T09:59:52","slug":"la-fattoria","status":"publish","type":"page","link":"https:\/\/www.lettereadioealluomo.com\/wordpress\/la-fattoria\/","title":{"rendered":"LA FATTORIA"},"content":{"rendered":"\n<h2 class=\"wp-block-heading has-text-align-center has-text-color has-link-color has-x-large-font-size wp-elements-105ac9a7f9fcd3b7f363122733701b5c\" id=\"titolo\" style=\"color:#ed1717\"><\/h2>\n\n\n<div class=\"wp-block-image\">\n<figure class=\"aligncenter size-large is-resized\" id=\"immagine\"><img decoding=\"async\" width=\"660\" height=\"1024\" data-src=\"https:\/\/www.lettereadioealluomo.com\/wordpress\/wp-content\/uploads\/2026\/03\/fragole3-660x1024.jpg\" alt=\"\" class=\"wp-image-45 lazyload\" style=\"--smush-placeholder-width: 660px; --smush-placeholder-aspect-ratio: 660\/1024;aspect-ratio:0.6445351363424093;width:426px;height:auto\" data-srcset=\"https:\/\/www.lettereadioealluomo.com\/wordpress\/wp-content\/uploads\/2026\/03\/fragole3-660x1024.jpg 660w, https:\/\/www.lettereadioealluomo.com\/wordpress\/wp-content\/uploads\/2026\/03\/fragole3-193x300.jpg 193w, https:\/\/www.lettereadioealluomo.com\/wordpress\/wp-content\/uploads\/2026\/03\/fragole3-768x1192.jpg 768w, https:\/\/www.lettereadioealluomo.com\/wordpress\/wp-content\/uploads\/2026\/03\/fragole3-174x270.jpg 174w, https:\/\/www.lettereadioealluomo.com\/wordpress\/wp-content\/uploads\/2026\/03\/fragole3.jpg 838w\" data-sizes=\"(max-width: 660px) 100vw, 660px\" src=\"data:image\/svg+xml;base64,PHN2ZyB3aWR0aD0iMSIgaGVpZ2h0PSIxIiB4bWxucz0iaHR0cDovL3d3dy53My5vcmcvMjAwMC9zdmciPjwvc3ZnPg==\" \/><\/figure>\n<\/div>\n\n\n<div class=\"wp-block-group has-background\" style=\"background-color:#dffefe\"><div class=\"wp-block-group__inner-container is-layout-constrained wp-block-group-is-layout-constrained\">\n<div class=\"wp-block-group\"><div class=\"wp-block-group__inner-container is-layout-constrained wp-block-group-is-layout-constrained\">\n<pre class=\"wp-block-verse has-text-align-center has-vivid-red-color has-text-color has-background has-link-color wp-elements-bcdc2eda7a411ad99d3581cbf5a7dfba\" id=\"biodinamica\" style=\"background-color:#edfffd;font-size:16px;text-decoration:none\"><strong><a href=\"http:\/\/www.lettereadioealluomo.com\/la_vialla.htm\">Vai <em>La Fattoria Html<\/em><\/a>  | <a href=\"#Fondo\">Vai <em>gi\u00f9<\/em><\/a> |  <a href=\"http:\/\/lettereadioealluomo.com\/Index.htm\">Home<\/a>  | <a href=\"http:\/\/www.lettereadioealluomo.com\/wordpress\/Index.htm\">I<\/a><a href=\"http:\/\/www.lettereadioealluomo.com\/wordpress\/Index-wordpress\">ndex WordPress <\/a> |  <a href=\"#agricoltore\">Vai <em>2 L'Agricoltore nuovo \u00e8 come l'antico<\/em><\/a>  | <a href=\"#vino\">Vai<em> 3 Biodinamica olio, vino<\/em><\/a><\/strong><\/pre>\n\n\n\n<pre class=\"wp-block-verse has-text-align-center has-text-color has-background has-link-color wp-elements-fc8787c9913eb8b1a5d8b4e41e1931e2\" style=\"color:#1824b7;background-color:#edfffd;font-size:36px\"><br><strong>1. BUONA AMMINISTRAZIONE<\/strong><br><\/pre>\n\n\n\n<pre class=\"wp-block-verse has-text-align-center has-background has-medium-font-size\" id=\"2.-Agricoltore\" style=\"background-color:#edfffd\"><br> Sulle colline dove il tempo tace,<br><br> tra il Valdarno e la Toscana infinita,<br><br>ogni Fattoria sorge<br> <br>come un regno di terra audace<br><br>dal sogno produttivo,<br><br>di buoni cittadini <br><br>e credenti, pensato\u2026<br><br><br>Gli Avi, pensando e donando,<br><br>educando,<br><br>hanno quasi sempre<br><br>tracciato il solco;<br><br>un\u2019eredit\u00e0 di luce e di sapienza,<br><br>di beni abbondanti e di bene auspicato,<br><br>che  i moderni attuali,<br><br>con l\u2019ascolto e la creativit\u00e0,<br><br>trasformano in feconda<br><br>e operosa, NUOVA INTRAPRENDENZA.<br><br> <br><br>Ecco  i cipressi, fraterne<br><br>fiamme verdi e devote,<br><br>sentinelle stabili, <br><br>in unforme del Regno Vegetale,<br><br>ai bordi delle strade;<br><br>mentre il vento tra le vigne<br><br> arieggia l'uva, che nuova e fresca,<br><br>si \u00e8 finalmente maturata,<br><br>soddisfatta di s\u00e9, della stagione,<br><br> e della produzione.<br><br> <br><br>L\u2019olivo argenteo dona l\u2019olio,<br><br>il pascolo si fa formaggio,<br><br>la vite ai tutori addossata,<br><br>riempie di vino e allegria <br><br>la lunga e faticosa annata .<br><br> <br><br>E come tutti tre,<br><br>olio, formaggio e vino,<br><br>della frugale bont\u00e0 toscana,<br><br>rappresentano a pieno titolo,<br><br> l\u2019inconfondibile musicale,<br><br>marca italiana;<br><br>cos\u00ec, ogni gesto della produzione<br><br>in questo suolo tradizionale e amico,<br><br>diventa  cura premurosa<br><br>e del reddito aziendale<br><br>(di quello onesto),<br><br>si fa definitivamente,<br><br>virtuosa,  campana.<br><br> <br><br>Un cerchio benefico e moderno si chiude,<br><br>perch\u00e9 il carbonio torna a farsi vita,<br><br>e la terra, che l\u2019artificio esclude,<br><br>nella soluzione longimirante<br><br>biologica e biodinamica,<br><br>resta finalmente ben custodita.<br><br><br>Tra le Case coloniche,<br><br>pietre di memoria,<br><br>abbracciate dal verde<br><br>della macchia mediterranea<br><br>che rassicura e non tace;<br><br>la Fattoria, le fattorie,  <br><br>scrivono una nuova storia,<br><br>fatta di mani, di amore,<br><br>di famiglia ospitale, <br><br>e diciamolo,<br><br>di gloria e di pace.<\/pre>\n\n\n\n<pre class=\"wp-block-verse has-text-align-center has-text-color has-background has-link-color wp-elements-86c537ce0ba5f2f2207b80d03256e8c4\" id=\"agricoltore\" style=\"color:#1824b7;background-color:#edfffd;font-size:36px\"><a href=\"#immagine\"><br><strong>2 . L'AGRICOLTORE NUOVO \u00c8 COME L'ANTICO<\/strong><br><\/a><\/pre>\n\n\n\n<pre class=\"wp-block-verse has-text-align-center has-black-color has-text-color has-background has-link-color has-medium-font-size wp-elements-f44c2b35c2ba6b3cc5031e40c720a4e5\" id=\"bio\" style=\"background-color:#edfffd\">L\u2019Agricoltore nuovo di oggi<br><br>ha pi\u00f9 scienza e tecnologia,<br><br>ma deve essere sapiente<br><br>come l\u2019antico d'ieri,<br><br>prima della industrializzazione,<br><br>quando si  rispettava la natura.<br><br>In altre parole,<br><br>L'Agricoltore nuovo e moderno,<br><br>deve investire <br><br>non solo sul presente,<br><br>ma anche sul futuro<br><br> dell'ager planetario.<br><br> <br><br>Ci\u00f2 sar\u00e0 al contrario<br><br>dell\u2019attuale agricoltore industriale,<br><br>che molto produce e ammassa;<br><br>ma non investe sul futuro<br><br>della terra e della natura,<br><br>e cos\u00ec tutto avvelena <br><br>e globalmente distrugge<br><br>e insatanassa.<br><br> <br><br>Tra le colline<br><br>mentre il vento tace,<br><br>sorge un regno di terra<br><br>dove la vite e l\u2019olivo<br><br>prendono  il sole in pace,<br><br>e il tempo narra storie secolari<br><br>di lavoro e di nuova aetate.<br><br> <br><br>Non serve un filosofo <br><br>o un poeta scaltro,<br><br> per capire il profumo del bel paese;<br><br>qui nel Valdarno e in Valdichiana,<br><br>in Italia come in Toscana,<br> <br>un giorno si intreccia con l\u2019altro,<br> <br>nel ritmo dolce del viver <br><br>campagnolo, e cortese.<br><br> <br><br>E se oggi la mente, che \u00e8 intellettuale,<br><br>prova a tracciare un verso laggi\u00f9 sulla via,<br><br>questa mente si inchina a quel saper tradizionale<br><br>che trasforma la terra in poesia..<br><br> <br><br>O sapiente dell\u2019Ager, o Agricoltore<br><br>del secolo ventunesimo, <br><br>insegna di buon grado<br><br>a chi mangia e beve spensierato, <br><br>che la qualit\u00e0<br><br>nasce  in cantina o nel frantoio adeguati,<br><br>ma specialmente nasce tra le radici, laggi\u00f9,<br><br>nel buio del sottosuolo adoperato.<br><br> <br><br>Oh prode, non guardare<br><br>al bicchiere, o al vino nell\u2019orcio,<br><br>non fermarti al sapore che invita il sorso;<br><br>se vuoi la verit\u00e0, piega il ginocchio,<br><br>e guarda la terra col cuore negli occhi.<br><br>Tutto comincia nel buio profondo,<br><br>nel ventre segreto che nutre il mondo,<br><br>dove il lombrico lavora in silenzio<br><br>e il fango diventa profumo d\u2019essenza<br><br>o d' assenzio.<br><br> <br><br>Promuovi la terra<br><br>dandogli il tuo amore,<br><br>curane il corpo, ascoltane il cuore;<br><br>non chiederle frutti con<br><br>l'uso OCM o del chimico valore,<br><br>ma offrile anche la via d\u2019uscita<br><br>naturale, del tempo biologico e astrale,<br><br>come \u00e8 stato per millenni<br><br>in antico, prima della<br><br>moderna o recente<br><br>industrializzazione.<br><br> <br><br>Se il suolo \u00e8 vivo e sovrano,<br><br>il resto viene da solo,<br><br>forte o piano: la vite<br><br>risplende abbondante,<br><br>l\u2019olivo s\u2019innargenta gentile,<br><br>figli d\u2019un grembo che il sole<br><br>colora teneramente,<br><br>fortemente imparziale.<br><br> <br><br>Oh Agricoltore,<br><br>m\u2019insegni volentieri  che<br><br>quando sei pi\u00f9 del padrone<br><br>strachimicante il tralcio e il fiore;<br><br>quando sei insomma<br><br>il buon custode antico,<br><br>rispettoso miglior coltivatore diretto,<br><br>della  natura ch\u2019eppur deve produrre,<br><br>conservando integro il suo futuro;<br><br>allora la terra diventa felice e onorata,<br><br>e la vita risponde da sola, impavida,<br><br>con una fruttificante e benefica<br><br>allegria, del  raccolto a cascata.<br><\/pre>\n\n\n\n<pre class=\"wp-block-verse has-text-align-center has-text-color has-background has-link-color has-large-font-size wp-elements-91681b97a9b4c7aca8bf96d64183f680\" id=\"vino\" style=\"color:#0707c5;background-color:#edfffd\"><strong><a href=\"#biodinamica\">3 . BIODINAMICA, OLIO, VINO<\/a><\/strong><\/pre>\n\n\n\n<pre class=\"wp-block-verse has-text-align-center has-background has-medium-font-size\" style=\"background-color:#edfffd\"><br>Questa terra che da una stagione all\u2019altra<br><br>dopo la coltivazione, si risveglia bio,<br><br>\u00e8 custodita perfino dal ciclo e dal vigore<br><br>discreto della luna, che veglia di notte<br><br>beneauspicando e benedicendo,  <br><br>sulle nostre diurne <br><br>ore lavorative e gesta.<br><br> <br><br>\u200b\u00c8 la Biologia e Biodinamica <br><br>un cammino o un ritorno <br><br>al respiro delle radici,<br><br>dove il sovescio \u00e8 un mezzo ulteriore<br><br>romano e benedettino,<br><br>e i fiori tra i filari son genuini <br><br>e sempre molto felici.<br><br> <br><br>Senza veleni, il suolo si fa culla,<br><br>nutrito dal letame e dal calore,<br><br>perch\u00e9 dal niente non nasce nulla,<br><br>se non c'\u00e8 cura, rispetto e fervore.<br><br> <br><br>\u200bPoi giunge l\u2019Olio, <br><br>spremuto nel freddo;<br><br>esso \u00e8 oro che cola <br><br>smeraldo nel piatto;<br><br>ed \u00e8 figlio del suolo, <br><br>del sole e di ognuno,<br><br>che pizzica benbono in gola<br><br>all\u2019unisono, come verde riaspro.<br><br> <br><br>Dalle terre che mani operose <br><br>hanno curato,<br><br>nasce l\u2019olio che sa di poggio e di fatica,<br><br>un dono che dal passato \u00e8 ritornato,<br><br>come una voce amica, <br><br>un'eco nuova, verde-antica.<br><br> <br><br>Estratto rigorosamente a freddo<br><br>poche ore dopo la raccolta,<br><br>conserva quel pizzicore tipico<br><br>e quel profumo di dono un po\u2019 gentile<br><br>e insieme selvaggio.<br><br> <br><br>\u00c8 un olio \"vivo\", ricco di polifenoli,<br><br>che porta nel piatto la forza del sole<br><br>e la freschezza misurata<br><br>dell\u2019autunno nelle colline<br><br>valdarnesi e d'Etruria.<br><br> <br><br>Sa di Toscana, di erba e di fatica,<br><br>racchiuso in vetri scuri come giare,<br><br>\u00e8 custode di una sapienza antica<br><br>che riempie i sensi e scalda il vigore.<br><br> <br><br>\u200bE infine il Vino, fortezza di sangue<br><br>tra le fatiche e le feste della vita,<br><br>che se nel Sangiovese, nel Merlot, nel Chianti,\u2026.<br><br>trova il suo altare, <br><br>fermenta piano in botti custodite,<br><br>mentre il tempo molto  l'imbonisce, <br><br>facendolo aspettare.<br><br> <br>Non \u00e8 solo il mosto e l'ebrezza,<br><br>ma \u00e8 l\u2019annata, il vento e la stagionalit\u00e0,<br><br>che versa matura nel bicchiere  la purezza<br><br>di chi produce con sincerit\u00e0.<br><br> <br><br>Nelle cantine, il vino matura<br><br>senza forzature. Che sia un Chianti<br><br>generoso o un Sangiovese in purezza,<br><br>ogni bottiglia racconta l'annata<br><br>specifica del clima,<br><br>della pioggia, del caldo, del vento.<br><br> <br><br>Grazie alla biodinamica, il vino<br><br>\u00e8 libero da residui chimici,<br><br>permettendo al vitigno di esprimere<br><br>la sua vera identit\u00e0 territoriale.<br><br> <br><br>Con questa filosofia <br><br>biodinamica e biologica<br><br>tutto si tiene: il compost prodotto<br><br>dagli animali della fattoria, nutre i campi.<br><br>I preparati liquidi e solidi sono la sostanza,<br><br>le siepi e i boschi attirano gli insetti<br><br>utili, che proteggono le viti.<br><br>Non \u00e8 solo agricoltura, \u00e8 un investimento<br><br>che lascia il terreno pi\u00f9 ricco anche di futuro.<br><br> <br><br>\u200bVino, olio e terra in un sol abbraccio,<br><br>alla Fattoria il cerchio si fa eterno:<br><br>l\u2019uomo non \u00e8 solo padrone,<br><br>ma \u00e8 piuttosto l\u2019antico e moderno<br><br>agricoltore, prima e dopo<br><br>la industrializzazione, che prenota<br><br>tutto il buono raccolto dell\u2019estate,<br><br>per il consumo migliore e pacifico,<br><br>dell\u2019inverno e successivi<br><br>giorni e anni.<\/pre>\n\n\n\n<pre class=\"wp-block-verse has-text-align-center has-background\" id=\"Fondo\" style=\"background-color:#edfffd\"><br><br><em>FINE<\/em><br><br>O.<\/pre>\n\n\n\n<p class=\"has-text-color has-link-color wp-elements-ef7fffd7c165630d0e60906aeb72fac7\" style=\"color:#0fa870;font-size:13px\"><\/p>\n\n\n\n<pre class=\"wp-block-verse has-text-align-center has-vivid-red-color has-text-color has-background has-link-color wp-elements-bc29bcb1363df31e7b8dc21397ab0c6b\" style=\"background-color:#edfffd;font-size:13px\"><a href=\"#masthead\"><strong>Torna <em>su<\/em><\/strong><\/a><\/pre>\n\n\n\n<p><\/p>\n<\/div><\/div>\n<\/div><\/div>\n\n\n\n<p><\/p>\n","protected":false},"excerpt":{"rendered":"<p>Vai La Fattoria Html | Vai gi\u00f9 | Home | Index WordPress | Vai 2 L&#8217;Agricoltore nuovo \u00e8 come l&#8217;antico | Vai 3 Biodinamica olio, vino 1. BUONA AMMINISTRAZIONE Sulle colline dove il tempo tace, tra il Valdarno e la Toscana infinita,ogni Fattoria sorge come un regno di terra audacedal sogno produttivo,di buoni cittadini e credenti, pensato\u2026Gli Avi, pensando e donando,educando,hanno quasi sempretracciato il solco;un\u2019eredit\u00e0 di luce e di sapienza,di beni abbondanti e di bene auspicato,che i moderni attuali,con l\u2019ascolto&#8230;<\/p>\n<p class=\"read-more\"><a class=\"btn btn-default\" href=\"https:\/\/www.lettereadioealluomo.com\/wordpress\/la-fattoria\/\">Leggi tutto<span class=\"screen-reader-text\"> Leggi tutto<\/span><\/a><\/p>\n","protected":false},"author":1,"featured_media":0,"parent":0,"menu_order":0,"comment_status":"closed","ping_status":"closed","template":"","meta":{"footnotes":""},"class_list":["post-22","page","type-page","status-publish","hentry"],"_links":{"self":[{"href":"https:\/\/www.lettereadioealluomo.com\/wordpress\/wp-json\/wp\/v2\/pages\/22","targetHints":{"allow":["GET"]}}],"collection":[{"href":"https:\/\/www.lettereadioealluomo.com\/wordpress\/wp-json\/wp\/v2\/pages"}],"about":[{"href":"https:\/\/www.lettereadioealluomo.com\/wordpress\/wp-json\/wp\/v2\/types\/page"}],"author":[{"embeddable":true,"href":"https:\/\/www.lettereadioealluomo.com\/wordpress\/wp-json\/wp\/v2\/users\/1"}],"replies":[{"embeddable":true,"href":"https:\/\/www.lettereadioealluomo.com\/wordpress\/wp-json\/wp\/v2\/comments?post=22"}],"version-history":[{"count":120,"href":"https:\/\/www.lettereadioealluomo.com\/wordpress\/wp-json\/wp\/v2\/pages\/22\/revisions"}],"predecessor-version":[{"id":460,"href":"https:\/\/www.lettereadioealluomo.com\/wordpress\/wp-json\/wp\/v2\/pages\/22\/revisions\/460"}],"wp:attachment":[{"href":"https:\/\/www.lettereadioealluomo.com\/wordpress\/wp-json\/wp\/v2\/media?parent=22"}],"curies":[{"name":"wp","href":"https:\/\/api.w.org\/{rel}","templated":true}]}}